{"id":35,"date":"2014-12-10T22:23:28","date_gmt":"2014-12-10T21:23:28","guid":{"rendered":"http:\/\/www.anthonyequipementauto.fr\/?page_id=35"},"modified":"2014-12-10T22:23:28","modified_gmt":"2014-12-10T21:23:28","slug":"mentions-legales","status":"publish","type":"page","link":"https:\/\/www.anthonyequipementauto.fr\/?page_id=35","title":{"rendered":"Mentions L\u00e9gales"},"content":{"rendered":"<p>anthonyequipementauto.fr est \u00e9dit\u00e9 par la soci\u00e9t\u00e9 anthonyequipementauto, dont le si\u00e8ge<br \/>\nsocial est situ\u00e9 Le B\u00e9zo 56500 BIGNAN, immatricul\u00e9e au registre du commerce des soci\u00e9t\u00e9s de Vannes sous le num\u00e9ro SIRET 53461483900015 . Le Directeur est Anthony LE NOUAIL. Le site est h\u00e9berg\u00e9 par la soci\u00e9t\u00e9 LWS. L\u2019\u00e9diteur<br \/>\ns\u2019engage \u00e0 respecter l\u2019ensemble des lois concernant la mise en place et l\u2019activit\u00e9 d\u2019un site Internet.<\/p>\n<p><strong>INFORMATIONS TECHNIQUES<\/strong>:<\/p>\n<p>Il est rappel\u00e9 que le secret des correspondances n\u2019est pas garanti sur le r\u00e9seau Internet et<br \/>\nqu\u2019il appartient \u00e0 chaque utilisateur d\u2019Internet de prendre toutes les mesures<br \/>\nappropri\u00e9es de fa\u00e7on \u00e0 prot\u00e9ger ses propres donn\u00e9es et\/ou logiciels de<br \/>\nla contamination d\u2019\u00e9ventuels virus circulant sur Internet.<\/p>\n<p><strong>DONNEES PERSONNELLES:<\/strong><\/p>\n<p>Les informations que vous aurez saisies sur le site de \u2018anthonyequipementauto.fr \u2018<br \/>\npourront \u00eatre enregistr\u00e9es pour leur traitement exclusif par anthonyequipementauto. Vous disposez d\u2019un droit d\u2019acc\u00e8s, de modification, de rectification et de<br \/>\nsuppression concernant les donn\u00e9es collect\u00e9es sur ce site, dans les conditions pr\u00e9vues par la loi n\u00b078-17 du 6 janvier 1978 relative \u00e0 l\u2019informatique, aux fichiers et aux libert\u00e9s. Pour<br \/>\nl\u2019exercer, adressez-vous \u00e0\u00a0anthonyequipementauto par courrier postal.<\/p>\n<p><strong>LIENS HYPERTEXTES:<\/strong><\/p>\n<p>La cr\u00e9ation de liens hypertextes vers le site \u2018anthonyequipementauto.fr \u2018 est soumis \u00e0 l\u2019accord pr\u00e9alable du Directeur. Les liens hypertextes \u00e9tablis en direction d\u2019autres sites \u00e0 partir de<br \/>\n\u2018anthonyequipementauto.fr \u2018 ne sauraient, en aucun cas, engager la responsabilit\u00e9 de anthonyequipementauto..<\/p>\n","protected":false},"excerpt":{"rendered":"<p>anthonyequipementauto.fr est \u00e9dit\u00e9 par la soci\u00e9t\u00e9 anthonyequipementauto, dont le si\u00e8ge social est situ\u00e9 Le B\u00e9zo 56500 BIGNAN, immatricul\u00e9e au registre&#8230;<\/p>\n","protected":false},"author":1,"featured_media":0,"parent":0,"menu_order":0,"comment_status":"closed","ping_status":"open","template":"","meta":{"footnotes":""},"class_list":["post-35","page","type-page","status-publish","hentry"],"_links":{"self":[{"href":"https:\/\/www.anthonyequipementauto.fr\/index.php?rest_route=\/wp\/v2\/pages\/35","targetHints":{"allow":["GET"]}}],"collection":[{"href":"https:\/\/www.anthonyequipementauto.fr\/index.php?rest_route=\/wp\/v2\/pages"}],"about":[{"href":"https:\/\/www.anthonyequipementauto.fr\/index.php?rest_route=\/wp\/v2\/types\/page"}],"author":[{"embeddable":true,"href":"https:\/\/www.anthonyequipementauto.fr\/index.php?rest_route=\/wp\/v2\/users\/1"}],"replies":[{"embeddable":true,"href":"https:\/\/www.anthonyequipementauto.fr\/index.php?rest_route=%2Fwp%2Fv2%2Fcomments&post=35"}],"version-history":[{"count":1,"href":"https:\/\/www.anthonyequipementauto.fr\/index.php?rest_route=\/wp\/v2\/pages\/35\/revisions"}],"predecessor-version":[{"id":37,"href":"https:\/\/www.anthonyequipementauto.fr\/index.php?rest_route=\/wp\/v2\/pages\/35\/revisions\/37"}],"wp:attachment":[{"href":"https:\/\/www.anthonyequipementauto.fr\/index.php?rest_route=%2Fwp%2Fv2%2Fmedia&parent=35"}],"curies":[{"name":"wp","href":"https:\/\/api.w.org\/{rel}","templated":true}]}}