{"id":63,"date":"2014-12-11T21:41:21","date_gmt":"2014-12-11T20:41:21","guid":{"rendered":"http:\/\/www.anthonyequipementauto.fr\/?page_id=63"},"modified":"2014-12-11T21:42:53","modified_gmt":"2014-12-11T20:42:53","slug":"films-solaires","status":"publish","type":"page","link":"https:\/\/www.anthonyequipementauto.fr\/?page_id=63","title":{"rendered":"Films Solaires"},"content":{"rendered":"<p>M\u00eame durant les journ\u00e9es ensoleill\u00e9es<br \/>\nd&rsquo;hiver, il faut peu de temps<br \/>\npour que la chaleur des rayons solaires traversant les vitrages ne vous<br \/>\ng\u00eane. Et nous savons tous \u00e0 la vitesse<br \/>\n\u00e0 laquelle une voiture trop<br \/>\nexpos\u00e9e au soleil peut devenir en quelques secondes une<br \/>\nv\u00e9ritable<br \/>\n\u00abfournaise\u00bb pour autant que vous ne soyez pas<br \/>\nprot\u00e9g\u00e9 par les films<br \/>\nsolaires.<\/p>\n<p>A l&rsquo;aide de notre technologie d&rsquo;avant garde,<br \/>\nd&rsquo;une solution ad\u00e9quate propos\u00e9e par nos experts,<br \/>\net des films solaires<br \/>\ncon\u00e7us sp\u00e9cialement pour vous prot\u00e9ger<br \/>\ndes rayons solaires, plus de 70%<br \/>\nde la chaleur p\u00e9n\u00e9trant au travers de vos vitres<br \/>\nest rejet\u00e9e.<\/p>\n<p>Ce qui vous permet de rester calme et \u00e0 votre aise<br \/>\n\u00e0 l&rsquo;int\u00e9rieur de votre v\u00e9hicule.<\/p>\n<p><img loading=\"lazy\" decoding=\"async\" src=\"http:\/\/www.carfilm.ch\/imagenes\/banner-bittle.gif\" alt=\"\" width=\"300\" height=\"200\" align=\"left\" border=\"1\" hspace=\"2\" vspace=\"0\" \/>Si<br \/>\nvotre v\u00e9hicule b\u00e9n\u00e9ficie<br \/>\nd\u00e9j\u00e0 des avantages qu&rsquo;offre l&rsquo;air<br \/>\nconditionn\u00e9,<br \/>\nune protection suppl\u00e9mentaire ne sera pas superflue, au<br \/>\ncontraire!<br \/>\nCelle-ci permettra \u00e0 votre appareil de moins<br \/>\n\u00abtravailler\u00bb et ainsi<br \/>\nr\u00e9duire vos co\u00fbts d&rsquo;\u00e9nergie.<\/p>\n<hr \/>\n<p>Protection exclusive contre la chaleur, discr\u00e9tion<br \/>\net esth\u00e9tisme.<\/p>\n<p><b>Teintez vos vitres !!!<\/b><\/p>\n<p>Le \u00ab\u00a0look\u00a0\u00bb et la protection toute l&rsquo;ann\u00e9e.<\/p>\n<p>Vos surfaces vitr\u00e9es (voitures, bateaux,<br \/>\nb\u00e2timents, v\u00e9randas)<\/p>\n<p>film\u00e9es par un sp\u00e9cialiste.<\/p>\n<ul>\n<li><b>Travail soign\u00e9<\/b><\/li>\n<li><b>Teintes \u00e0 choix<\/b><\/li>\n<li><b>Rapidit\u00e9<\/b><\/li>\n<li><b>Films anti-raies<\/b><\/li>\n<\/ul>\n<p>Branches d&rsquo;activit\u00e9:<\/p>\n<p>Vitrerie, Automobiles, b\u00e2timents.<\/p>\n<p>La Gamme:<\/p>\n<p>Nos traitements pour vitrage automobile vous proposent la<br \/>\ns\u00e9curit\u00e9 et le confort pour toute la famille:<\/p>\n<p>* S\u00e9curit\u00e9<br \/>\n\u00e9clat de vitre: en cas d&rsquo;accident ou de vol<\/p>\n<p>* S\u00e9curit\u00e9 UV:<br \/>\ncontre les effets nocifs du soleil<\/p>\n<p>* Contr\u00f4le de la chaleur:<br \/>\ngr\u00e2ce au filtrage des rayons infrarouges jusqu&rsquo;\u00e0<br \/>\n70%<\/p>\n<p>S\u00e9curit\u00e9:<\/p>\n<p>Les traitements de s\u00e9curit\u00e9 vous offrent la<br \/>\nprotection contre le vandalisme et les blessures en cas de bris de<br \/>\nvitres ainsi que des agressions.<\/p>\n<p>Ce Film a \u00e9t\u00e9 test\u00e9 pour<br \/>\nla s\u00e9curit\u00e9 sous les normes DIN 52337.<br \/>\nCe film est garantit 5 ans !<\/p>\n","protected":false},"excerpt":{"rendered":"<p>M\u00eame durant les journ\u00e9es ensoleill\u00e9es d&rsquo;hiver, il faut peu de temps pour que la chaleur des rayons solaires traversant les&#8230;<\/p>\n","protected":false},"author":1,"featured_media":0,"parent":0,"menu_order":0,"comment_status":"closed","ping_status":"open","template":"","meta":{"footnotes":""},"class_list":["post-63","page","type-page","status-publish","hentry"],"_links":{"self":[{"href":"https:\/\/www.anthonyequipementauto.fr\/index.php?rest_route=\/wp\/v2\/pages\/63","targetHints":{"allow":["GET"]}}],"collection":[{"href":"https:\/\/www.anthonyequipementauto.fr\/index.php?rest_route=\/wp\/v2\/pages"}],"about":[{"href":"https:\/\/www.anthonyequipementauto.fr\/index.php?rest_route=\/wp\/v2\/types\/page"}],"author":[{"embeddable":true,"href":"https:\/\/www.anthonyequipementauto.fr\/index.php?rest_route=\/wp\/v2\/users\/1"}],"replies":[{"embeddable":true,"href":"https:\/\/www.anthonyequipementauto.fr\/index.php?rest_route=%2Fwp%2Fv2%2Fcomments&post=63"}],"version-history":[{"count":5,"href":"https:\/\/www.anthonyequipementauto.fr\/index.php?rest_route=\/wp\/v2\/pages\/63\/revisions"}],"predecessor-version":[{"id":69,"href":"https:\/\/www.anthonyequipementauto.fr\/index.php?rest_route=\/wp\/v2\/pages\/63\/revisions\/69"}],"wp:attachment":[{"href":"https:\/\/www.anthonyequipementauto.fr\/index.php?rest_route=%2Fwp%2Fv2%2Fmedia&parent=63"}],"curies":[{"name":"wp","href":"https:\/\/api.w.org\/{rel}","templated":true}]}}