{"id":77,"date":"2014-12-11T21:49:49","date_gmt":"2014-12-11T20:49:49","guid":{"rendered":"http:\/\/www.anthonyequipementauto.fr\/?page_id=77"},"modified":"2022-03-15T00:18:14","modified_gmt":"2022-03-14T23:18:14","slug":"aide-au-staionnement","status":"publish","type":"page","link":"https:\/\/www.anthonyequipementauto.fr\/?page_id=77","title":{"rendered":"Radar de recul"},"content":{"rendered":"<div id=\"attachment_220\" style=\"width: 310px\" class=\"wp-caption alignnone\"><a href=\"http:\/\/www.anthonyequipementauto.fr\/wp-content\/uploads\/IMG_9965.jpg\"><img loading=\"lazy\" decoding=\"async\" aria-describedby=\"caption-attachment-220\" class=\"wp-image-220 size-medium\" src=\"http:\/\/www.anthonyequipementauto.fr\/wp-content\/uploads\/IMG_9965-300x225.jpg\" alt=\"\" width=\"300\" height=\"225\" srcset=\"https:\/\/www.anthonyequipementauto.fr\/wp-content\/uploads\/IMG_9965-300x225.jpg 300w, https:\/\/www.anthonyequipementauto.fr\/wp-content\/uploads\/IMG_9965-160x120.jpg 160w, https:\/\/www.anthonyequipementauto.fr\/wp-content\/uploads\/IMG_9965.jpg 640w\" sizes=\"auto, (max-width: 300px) 100vw, 300px\" \/><\/a><p id=\"caption-attachment-220\" class=\"wp-caption-text\">PEUGEOT 208<\/p><\/div>\n<div id=\"attachment_218\" style=\"width: 310px\" class=\"wp-caption alignnone\"><a href=\"http:\/\/www.anthonyequipementauto.fr\/wp-content\/uploads\/IMG_2915.jpg.jpeg\"><img loading=\"lazy\" decoding=\"async\" aria-describedby=\"caption-attachment-218\" class=\"wp-image-218 size-medium\" src=\"http:\/\/www.anthonyequipementauto.fr\/wp-content\/uploads\/IMG_2915.jpg-300x225.jpeg\" alt=\"\" width=\"300\" height=\"225\" srcset=\"https:\/\/www.anthonyequipementauto.fr\/wp-content\/uploads\/IMG_2915.jpg-300x225.jpeg 300w, https:\/\/www.anthonyequipementauto.fr\/wp-content\/uploads\/IMG_2915.jpg-160x120.jpeg 160w, https:\/\/www.anthonyequipementauto.fr\/wp-content\/uploads\/IMG_2915.jpg.jpeg 640w\" sizes=\"auto, (max-width: 300px) 100vw, 300px\" \/><\/a><p id=\"caption-attachment-218\" class=\"wp-caption-text\">TOYOTA YARIS<\/p><\/div>\n<p>Nous vous<br \/>\nproposons une solution pour vous aider \u00e0 stationner<br \/>\nfacilement et sans risque.<\/p>\n<p>Les radars de recul et avant d\u00e9tecte la distance entre<br \/>\nl\u2019obstacle et le v\u00e9hicule pour avertir, par un<br \/>\nsignal sonore, le conducteur occup\u00e9 \u00e0 manoeuvrer<br \/>\n\u00e0 vitesse r\u00e9duite :<\/p>\n<p>Evite les<br \/>\ncollisions avec d\u2019\u00e9ventuels obstacles.<\/p>\n<p>Prot\u00e8ge les personnes.<\/p>\n<p>Se garer<br \/>\ndevient un jeu d\u2019enfant.<\/p>\n<p><center><img decoding=\"async\" style=\"width: 317px; height: 152px;\" src=\"http:\/\/anthonyequipementauto.fr\/MULTIMEDIA\/schem.png\" alt=\"\" border=\"0\" \/><\/center>Un signal sonore avertit le conducteur<br \/>\net sa fr\u00e9quence augmente au fur et \u00e0 mesure que<br \/>\nle v\u00e9hicule se rapproche de l\u2019obstacle.<\/p>\n<p>En dessous de 30 cm le signal devient continu pour indiquer<br \/>\nqu\u2019il faut s\u2019arr\u00eater !<\/p>\n<p>Le syst\u00e8me fonctionne avec le v\u00e9hicule<br \/>\n\u00e0 l\u2019arr\u00eat ou en mouvement et<br \/>\ns\u2019installe \u00e0 l\u2019avant et\/ou \u00e0<br \/>\nl\u2019arri\u00e8re du v\u00e9hicule.<br \/>\nProduit fiable quelles que soient les conditions climatiques !<br \/>\nIl peut \u00eatre install\u00e9 sur tout v\u00e9hicule<br \/>\n: autos, v\u00e9hicules commerciaux, camping-car.<br \/>\nLes capteurs peuvent \u00eatre peints de la m\u00eame couleur<br \/>\nque le pare-choc afin que l\u2019utilisateur puisse profiter du<br \/>\nsyst\u00e8me sans compromettre l\u2019esth\u00e9tique.<br \/>\nIl est compatible avec les crochets d\u2019attelage.<\/p>\n<p>Lors de la marche arri\u00e8re, trois zones sont<br \/>\ncalcul\u00e9es :<\/p>\n<p><center><img decoding=\"async\" style=\"width: 380px; height: 130px;\" src=\"http:\/\/anthonyequipementauto.fr\/MULTIMEDIA\/schem1.png\" alt=\"\" border=\"0\" \/><\/center><\/p>\n<div style=\"text-align: center;\"><span style=\"text-decoration: underline; font-weight: bold; color: #ff0000;\">La<br \/>\nzone d&rsquo;alerte maximum<\/span><\/div>\n<p>C&rsquo;est la zone la plus proche du pare-chocs, de 0 \u00e0 30 cm.<br \/>\nLes capteurs informent de la pr\u00e9sence d&rsquo;un obstacle dans<br \/>\ncette zone \u00e0 l&rsquo;aide d&rsquo;un signal sonore permanent; que le<br \/>\nv\u00e9hicule soit en mouvement ou \u00e0<br \/>\nl&rsquo;arr\u00eat.<\/p>\n<div style=\"text-align: center;\"><span style=\"text-decoration: underline; font-weight: bold; color: #ff6600;\">La<br \/>\nzone d&rsquo;alerte<\/span><\/div>\n<p>C&rsquo;est la zone interm\u00e9diaire, de 30 \u00e0 120 cm<br \/>\nenviron. Les capteurs rel\u00e8vent la pr\u00e9sence d&rsquo;un<br \/>\nobstacle dans cette zone et vous informent de sa pr\u00e9sence<br \/>\npar un signal acoustique intermittent; que le v\u00e9hicule soit<br \/>\nen mouvement ou \u00e0 l&rsquo;arr\u00eat.<\/p>\n<div style=\"text-align: center;\"><span style=\"font-weight: bold; text-decoration: underline; color: #ffff00;\">La<br \/>\nzone de s\u00e9curit\u00e9<\/span><\/div>\n<p>C&rsquo;est la zone la plus lointaine, de 120 \u00e0 200 cm. Les<br \/>\ncapteurs vous informent de la pr\u00e9sence d&rsquo;un obstacle dans<br \/>\ncette zone par un signal acoustique intermittent; seulement si le<br \/>\nv\u00e9hicule ou l&rsquo;obstacle est en mouvement.<\/p>\n","protected":false},"excerpt":{"rendered":"<p>Nous vous proposons une solution pour vous aider \u00e0 stationner facilement et sans risque. Les radars de recul et avant&#8230;<\/p>\n","protected":false},"author":1,"featured_media":0,"parent":0,"menu_order":0,"comment_status":"closed","ping_status":"open","template":"","meta":{"footnotes":""},"class_list":["post-77","page","type-page","status-publish","hentry"],"_links":{"self":[{"href":"https:\/\/www.anthonyequipementauto.fr\/index.php?rest_route=\/wp\/v2\/pages\/77","targetHints":{"allow":["GET"]}}],"collection":[{"href":"https:\/\/www.anthonyequipementauto.fr\/index.php?rest_route=\/wp\/v2\/pages"}],"about":[{"href":"https:\/\/www.anthonyequipementauto.fr\/index.php?rest_route=\/wp\/v2\/types\/page"}],"author":[{"embeddable":true,"href":"https:\/\/www.anthonyequipementauto.fr\/index.php?rest_route=\/wp\/v2\/users\/1"}],"replies":[{"embeddable":true,"href":"https:\/\/www.anthonyequipementauto.fr\/index.php?rest_route=%2Fwp%2Fv2%2Fcomments&post=77"}],"version-history":[{"count":8,"href":"https:\/\/www.anthonyequipementauto.fr\/index.php?rest_route=\/wp\/v2\/pages\/77\/revisions"}],"predecessor-version":[{"id":225,"href":"https:\/\/www.anthonyequipementauto.fr\/index.php?rest_route=\/wp\/v2\/pages\/77\/revisions\/225"}],"wp:attachment":[{"href":"https:\/\/www.anthonyequipementauto.fr\/index.php?rest_route=%2Fwp%2Fv2%2Fmedia&parent=77"}],"curies":[{"name":"wp","href":"https:\/\/api.w.org\/{rel}","templated":true}]}}