{"id":80,"date":"2014-12-11T21:50:55","date_gmt":"2014-12-11T20:50:55","guid":{"rendered":"http:\/\/www.anthonyequipementauto.fr\/?page_id=80"},"modified":"2014-12-14T19:22:38","modified_gmt":"2014-12-14T18:22:38","slug":"certification","status":"publish","type":"page","link":"https:\/\/www.anthonyequipementauto.fr\/?page_id=80","title":{"rendered":"Certification"},"content":{"rendered":"<div style=\"text-align: center;\">\n<p><span style=\"text-decoration: underline; font-weight: bold; color: #ff0000;\">CERTIFICATION<\/span><\/p>\n<div style=\"text-align: center;\"><big style=\"font-weight: bold;\">CAR FILM<\/big><\/div>\n<div style=\"padding: 10px; text-align: center;\"><a href=\"http:\/\/www.carfilmdesign.fr\/\"><img decoding=\"async\" style=\"border: 0pt none;\" title=\"sp\u00e9cialistes des vitres teint\u00e9es\" src=\"http:\/\/anthonyequipementauto.fr\/PARTENAIRES\/carfilm.png\" alt=\"\" \/><\/a><\/div>\n<p>Protection exclusive contre la chaleur, discr\u00e9tion et<br \/>\nesth\u00e9tisme. Le \u00ab\u00a0look\u00a0\u00bb et la protection toute<br \/>\nl&rsquo;ann\u00e9e.<br \/>\nNous traitons \u00e9galement, vos surfaces vitr\u00e9es<br \/>\n(voitures, bateaux,<br \/>\nb\u00e2timents, v\u00e9randas) film\u00e9es par un<br \/>\nsp\u00e9cialiste, travail soign\u00e9,<br \/>\nteintes \u00e0 choix, rapidit\u00e9, films anti-raies.<\/p>\n<div style=\"text-align: center;\"><big><span style=\"font-weight: bold;\">PARROT<\/span><\/big><\/div>\n<div style=\"padding: 10px; text-align: center;\"><a href=\"http:\/\/www.parrot.com\/fr\/\"><img decoding=\"async\" style=\"border: 0pt none;\" title=\"kit main libre Bluetooth\" src=\"http:\/\/anthonyequipementauto.fr\/PARTENAIRES\/parrot.png\" alt=\"\" \/><\/a><\/div>\n<p>Parrot, leader mondial des<br \/>\np\u00e9riph\u00e9riques sans fil pour<br \/>\nt\u00e9l\u00e9phones mobiles<\/p>\n<div style=\"text-align: center;\"><big><span style=\"font-weight: bold;\">TRAQUEUR<\/span><\/big><\/div>\n<div style=\"padding: 10px; text-align: center;\"><a href=\"http:\/\/www.traqueur.fr\/\"><img decoding=\"async\" style=\"border: 0pt none;\" title=\"leader mondial en mati\u00e8re de d\u00e9tection et r\u00e9cup\u00e9ration de v\u00e9hicules vol\u00e9s\" src=\"http:\/\/anthonyequipementauto.fr\/PARTENAIRES\/traqueur.png\" alt=\"\" \/><\/a><\/div>\n<p>Leader fran\u00e7ais de la d\u00e9tection et de la<br \/>\nr\u00e9cup\u00e9ration de v\u00e9hicules<br \/>\nvol\u00e9s, sp\u00e9cialiste reconnu de la gestion de<br \/>\nflottes de v\u00e9hicules et<br \/>\nexpert en solution de pr\u00e9vention du risque routier, le<br \/>\nGroupe Traqueur<br \/>\nest le seul en France a proposer des solutions technologiques associant<br \/>\nVHF, GPS et GSM. Ces solutions sont destin\u00e9es aux<br \/>\nparticuliers et aux<br \/>\nentreprises et sont commercialis\u00e9es sous les marques<br \/>\nTraqueur et<br \/>\nVolsatt (Fleet Technology).<\/p>\n<div style=\"text-align: center;\"><big><span style=\"font-weight: bold;\">TRANSICS<\/span><\/big><\/div>\n<div style=\"padding: 10px; text-align: center;\"><a href=\"http:\/\/www.transics.com\/FR_FR\/pages\/BienvenueaTransics.html\"><img decoding=\"async\" style=\"border: 0pt none;\" title=\"Transics International SA d\u00e9veloppe et commercialise des solutions high-end de gestion de flotte pour le secteur du transport \" src=\"http:\/\/anthonyequipementauto.fr\/PARTENAIRES\/transics.png\" alt=\"\" \/><\/a><\/div>\n<p><strong style=\"font-weight: normal;\">Transics<br \/>\nInternational SA<\/strong> d\u00e9veloppe et commercialise<br \/>\ndes solutions high-end de gestion de flotte pour le secteur du<br \/>\ntransport et de la logistique. Gr\u00e2ce \u00e0 des<br \/>\nann\u00e9es d\u2019exp\u00e9rience, \u00e0 des<br \/>\nefforts soutenus de R&amp;D et \u00e0<br \/>\nl\u2019\u00e9tude constante des besoins de ses<br \/>\nclients, Transics peut s\u2019enorgueillir<br \/>\nd\u2019\u00eatre le leader europ\u00e9en de son<br \/>\nsecteur. Outre son si\u00e8ge \u00e0 Ypres (Belgique),<br \/>\nTransics est active dans<br \/>\ntoute l\u2019Europe. Elle est cot\u00e9e sur Euronext<br \/>\nBrussels (TRAN) depuis 2007.<\/p>\n<div style=\"text-align: center;\"><big><span style=\"font-weight: bold;\">COYOTE<\/span><\/big><\/div>\n<div style=\"padding: 10px; text-align: center;\"><a href=\"http:\/\/www.moncoyote.com\/index.php\"><img decoding=\"async\" style=\"border: 0pt none;\" title=\"Coyote, c\u2019est l\u2019id\u00e9e participative de la CB, c\u2019est l\u2019appel de phares du 21\u00e8me si\u00e8cle. \" src=\"http:\/\/anthonyequipementauto.fr\/PARTENAIRES\/coyote.png\" alt=\"\" \/><\/a><\/div>\n<p>Coyote, aujourd\u2019hui, c\u2019est plus de 300 000<br \/>\nutilisateurs qui informent et s\u2019informent, en temps<br \/>\nr\u00e9el, des conditions de route, qui souhaitent une conduite<br \/>\nplus sereine et donc plus s\u00e9curis\u00e9e.En rejoignant<br \/>\nla<br \/>\nCommunaut\u00e9 Coyote, vous n\u2019achetez pas seulement un<br \/>\nproduit<br \/>\ntechnologique r\u00e9volutionnaire, vous adh\u00e9rez<br \/>\n\u00e0 une<br \/>\nnouvelle philosophie de la route, qui profite, chaque jour, de la<br \/>\nsimplicit\u00e9 de l\u2019information en temps<br \/>\nr\u00e9el.<\/p>\n<\/div>\n","protected":false},"excerpt":{"rendered":"<p>CERTIFICATION CAR FILM Protection exclusive contre la chaleur, discr\u00e9tion et esth\u00e9tisme. Le \u00ab\u00a0look\u00a0\u00bb et la protection toute l&rsquo;ann\u00e9e. Nous traitons&#8230;<\/p>\n","protected":false},"author":1,"featured_media":0,"parent":0,"menu_order":0,"comment_status":"closed","ping_status":"open","template":"","meta":{"footnotes":""},"class_list":["post-80","page","type-page","status-publish","hentry"],"_links":{"self":[{"href":"https:\/\/www.anthonyequipementauto.fr\/index.php?rest_route=\/wp\/v2\/pages\/80","targetHints":{"allow":["GET"]}}],"collection":[{"href":"https:\/\/www.anthonyequipementauto.fr\/index.php?rest_route=\/wp\/v2\/pages"}],"about":[{"href":"https:\/\/www.anthonyequipementauto.fr\/index.php?rest_route=\/wp\/v2\/types\/page"}],"author":[{"embeddable":true,"href":"https:\/\/www.anthonyequipementauto.fr\/index.php?rest_route=\/wp\/v2\/users\/1"}],"replies":[{"embeddable":true,"href":"https:\/\/www.anthonyequipementauto.fr\/index.php?rest_route=%2Fwp%2Fv2%2Fcomments&post=80"}],"version-history":[{"count":2,"href":"https:\/\/www.anthonyequipementauto.fr\/index.php?rest_route=\/wp\/v2\/pages\/80\/revisions"}],"predecessor-version":[{"id":140,"href":"https:\/\/www.anthonyequipementauto.fr\/index.php?rest_route=\/wp\/v2\/pages\/80\/revisions\/140"}],"wp:attachment":[{"href":"https:\/\/www.anthonyequipementauto.fr\/index.php?rest_route=%2Fwp%2Fv2%2Fmedia&parent=80"}],"curies":[{"name":"wp","href":"https:\/\/api.w.org\/{rel}","templated":true}]}}